{"id":148,"date":"2025-06-03T16:50:45","date_gmt":"2025-06-03T19:50:45","guid":{"rendered":"https:\/\/fig.br\/portal\/?page_id=148"},"modified":"2025-06-03T19:07:56","modified_gmt":"2025-06-03T22:07:56","slug":"ciee","status":"publish","type":"page","link":"https:\/\/fig.br\/portal\/ciee\/","title":{"rendered":"ciee"},"content":{"rendered":"  <div class=\"ciee-vagas-container\">\n    <div class=\"heading-block center\">\n      <h2 style=\"color: #28337e;\">Vitrine de Vagas CIEE<\/h2>\n      <span style=\"color: #8e8e8e;\">Encontre aqui as melhores oportunidades de est\u00e1gio e aprendizagem!<\/span>\n    <\/div>\n\n          <p>Total de vagas encontradas: <strong>1773<\/strong><\/p>\n      <p>P\u00e1gina atual: <strong>1<\/strong> de <strong>178<\/strong><\/p>\n\n              <div class=\"job-listing\">\n          <h3>Comunica\u00e7\u00e3o<\/h3>\n          <p><strong>Empresa:<\/strong> ELTON B M DE OLVIEIRA COMUNICACAO<\/p>\n          <p><strong>Local:<\/strong> S\u00e3o Paulo - SP<\/p>\n          <p><strong>N\u00edvel Escolar:<\/strong> SU<\/p>\n          <p><strong>Tipo de Vaga:<\/strong> ESTAGIO<\/p>\n\n                      <p><strong>Bolsa Aux\u00edlio:<\/strong> R$ 1.000,00<\/p>\n          \n          <p class=\"details\"><strong>Descri\u00e7\u00e3o:<\/strong> Pesquisas de mercado e de opini\u00e3o p\u00fablica<\/p>\n\n                      <div class=\"activities\">\n              <p><strong>Atividades:<\/strong><\/p>\n              <ul>\n                                  <li>Acessar a reda\u00e7\u00e3o e publicidade de conte\u00fado para fins em redes sociais<\/li>\n                                  <li>Acompanhar a busca de noticias<\/li>\n                                  <li>Acompanhar a produ\u00e7\u00e3o e divulga\u00e7\u00e3o de textos<\/li>\n                                  <li>Acompanhar a reda\u00e7\u00e3o da revista<\/li>\n                                  <li>Acompanhar temas de interesse da assessoria<\/li>\n                                  <li>Analisar relat\u00f3rios de atendimento<\/li>\n                                  <li>Assessorar m\u00eddias sociais<\/li>\n                                  <li>Auxiliar na divulga\u00e7\u00e3o de notas<\/li>\n                                  <li>Auxiliar na correcao de textos digitais<\/li>\n                              <\/ul>\n            <\/div>\n          \n                                <a href=\"https:\/\/ciee.app\/login?codigoVagaPortal=6031937&amp;acesso=FIG-UNIMESP\" class=\"apply-button\">Ver Detalhes e Candidatar<\/a>\n                  <\/div>\n              <div class=\"job-listing\">\n          <h3>Constru\u00e7\u00e3o Civil<\/h3>\n          <p><strong>Empresa:<\/strong> EXCELLENCE ENGENHARIA<\/p>\n          <p><strong>Local:<\/strong> EUS\u00c9BIO - CE<\/p>\n          <p><strong>N\u00edvel Escolar:<\/strong> SU<\/p>\n          <p><strong>Tipo de Vaga:<\/strong> ESTAGIO<\/p>\n\n                      <p><strong>Bolsa Aux\u00edlio:<\/strong> R$ 1.200,00<\/p>\n          \n          <p class=\"details\"><strong>Descri\u00e7\u00e3o:<\/strong> Constru\u00e7\u00e3o de edif\u00edcios<\/p>\n\n                      <div class=\"activities\">\n              <p><strong>Atividades:<\/strong><\/p>\n              <ul>\n                                  <li>Acompanhamento supervisionado na emiss\u00e3o de relat\u00f3rios de acompanhamento de obras<\/li>\n                                  <li>Acompanhar obras, sob supervis\u00e3o<\/li>\n                                  <li>Auxiliar na elabora\u00e7\u00e3o de or\u00e7amentos<\/li>\n                              <\/ul>\n            <\/div>\n          \n                                <a href=\"https:\/\/ciee.app\/login?codigoVagaPortal=6031891&amp;acesso=FIG-UNIMESP\" class=\"apply-button\">Ver Detalhes e Candidatar<\/a>\n                  <\/div>\n              <div class=\"job-listing\">\n          <h3>Administrativa<\/h3>\n          <p><strong>Empresa:<\/strong> COCADAS CASEIRAS<\/p>\n          <p><strong>Local:<\/strong> FORTALEZA - CE<\/p>\n          <p><strong>N\u00edvel Escolar:<\/strong> SU<\/p>\n          <p><strong>Tipo de Vaga:<\/strong> ESTAGIO<\/p>\n\n                      <p><strong>Bolsa Aux\u00edlio:<\/strong> R$ 1.200,00<\/p>\n          \n          <p class=\"details\"><strong>Descri\u00e7\u00e3o:<\/strong> Fabrica\u00e7\u00e3o de conservas de frutas<\/p>\n\n                      <div class=\"activities\">\n              <p><strong>Atividades:<\/strong><\/p>\n              <ul>\n                                  <li>Acompanhamento supervisionado de aprendizado auxiliando na \u00e1rea financeira<\/li>\n                                  <li>Executar rotinas administrativas do setor<\/li>\n                                  <li>Fazer atendimento aos clientes<\/li>\n                              <\/ul>\n            <\/div>\n          \n                                <a href=\"https:\/\/ciee.app\/login?codigoVagaPortal=6031871&amp;acesso=FIG-UNIMESP\" class=\"apply-button\">Ver Detalhes e Candidatar<\/a>\n                  <\/div>\n              <div class=\"job-listing\">\n          <h3>Atendimento ao cliente<\/h3>\n          <p><strong>Empresa:<\/strong> LOURENSETTO &amp; BARSANULFO - SOCIEDADE DE ADVOGADOS<\/p>\n          <p><strong>Local:<\/strong> Itu - SP<\/p>\n          <p><strong>N\u00edvel Escolar:<\/strong> SU<\/p>\n          <p><strong>Tipo de Vaga:<\/strong> ESTAGIO<\/p>\n\n                      <p><strong>Bolsa Aux\u00edlio:<\/strong> R$ 800,00 a R$ 1.000,00<\/p>\n          \n          <p class=\"details\"><strong>Descri\u00e7\u00e3o:<\/strong> Servi\u00e7os advocat\u00edcios<\/p>\n\n                      <div class=\"activities\">\n              <p><strong>Atividades:<\/strong><\/p>\n              <ul>\n                                  <li>Auxiliar em atividades administrativas<\/li>\n                                  <li>Organizar documentos<\/li>\n                                  <li>Realizar o atendimento ao cliente<\/li>\n                              <\/ul>\n            <\/div>\n          \n                                <a href=\"https:\/\/ciee.app\/login?codigoVagaPortal=6031825&amp;acesso=FIG-UNIMESP\" class=\"apply-button\">Ver Detalhes e Candidatar<\/a>\n                  <\/div>\n              <div class=\"job-listing\">\n          <h3>Atendimento ao cliente<\/h3>\n          <p><strong>Empresa:<\/strong> B E B AG\u00caNCIA DE VIAGENS LTDA<\/p>\n          <p><strong>Local:<\/strong> Manaus - AM<\/p>\n          <p><strong>N\u00edvel Escolar:<\/strong> SU<\/p>\n          <p><strong>Tipo de Vaga:<\/strong> ESTAGIO<\/p>\n\n                      <p><strong>Bolsa Aux\u00edlio:<\/strong> R$ 850,00<\/p>\n          \n          <p class=\"details\"><strong>Descri\u00e7\u00e3o:<\/strong> Ag\u00eancias de viagens<\/p>\n\n                      <div class=\"activities\">\n              <p><strong>Atividades:<\/strong><\/p>\n              <ul>\n                                  <li>Auxiliar em atividades administrativas<\/li>\n                                  <li>Organizar documentos<\/li>\n                                  <li>Realizar o atendimento ao cliente<\/li>\n                              <\/ul>\n            <\/div>\n          \n                                <a href=\"https:\/\/ciee.app\/login?codigoVagaPortal=6031823&amp;acesso=FIG-UNIMESP\" class=\"apply-button\">Ver Detalhes e Candidatar<\/a>\n                  <\/div>\n              <div class=\"job-listing\">\n          <h3>Constru\u00e7\u00e3o Civil<\/h3>\n          <p><strong>Empresa:<\/strong> ESTRUTURATTA ENGENHARIA LTDA<\/p>\n          <p><strong>Local:<\/strong> Ribeir\u00e3o Preto - SP<\/p>\n          <p><strong>N\u00edvel Escolar:<\/strong> SU<\/p>\n          <p><strong>Tipo de Vaga:<\/strong> ESTAGIO<\/p>\n\n                      <p><strong>Bolsa Aux\u00edlio:<\/strong> R$ 700,00<\/p>\n          \n          <p class=\"details\"><strong>Descri\u00e7\u00e3o:<\/strong> Servi\u00e7os de engenharia<\/p>\n\n                      <div class=\"activities\">\n              <p><strong>Atividades:<\/strong><\/p>\n              <ul>\n                                  <li>Acessar na elabora\u00e7\u00e3o de projetos<\/li>\n                                  <li>Acompanhamento de reuni\u00f5es t\u00e9cnicas<\/li>\n                                  <li>Acompanhar a elabora\u00e7\u00e3o de relat\u00f3rios<\/li>\n                              <\/ul>\n            <\/div>\n          \n                                <a href=\"https:\/\/ciee.app\/login?codigoVagaPortal=6031811&amp;acesso=FIG-UNIMESP\" class=\"apply-button\">Ver Detalhes e Candidatar<\/a>\n                  <\/div>\n              <div class=\"job-listing\">\n          <h3>Campo do direito<\/h3>\n          <p><strong>Empresa:<\/strong> Vaga confidencial<\/p>\n          <p><strong>Local:<\/strong> Olho D'\u00c1gua das Flores - AL<\/p>\n          <p><strong>N\u00edvel Escolar:<\/strong> SU<\/p>\n          <p><strong>Tipo de Vaga:<\/strong> ESTAGIO<\/p>\n\n                      <p><strong>Bolsa Aux\u00edlio:<\/strong> R$ 750,00<\/p>\n          \n          <p class=\"details\"><strong>Descri\u00e7\u00e3o:<\/strong> Sem descri\u00e7\u00e3o.<\/p>\n\n                      <div class=\"activities\">\n              <p><strong>Atividades:<\/strong><\/p>\n              <ul>\n                                  <li>Auxiliar na digitaliza\u00e7\u00e3o de documentos<\/li>\n                                  <li>Auxiliar no controle de planilhas<\/li>\n                                  <li>Auxiliar o atendimento aos clientes<\/li>\n                                  <li>Controlar e organizar documentos<\/li>\n                              <\/ul>\n            <\/div>\n          \n                                <a href=\"https:\/\/ciee.app\/login?codigoVagaPortal=6031766&amp;acesso=FIG-UNIMESP\" class=\"apply-button\">Ver Detalhes e Candidatar<\/a>\n                  <\/div>\n              <div class=\"job-listing\">\n          <h3>Secretariado<\/h3>\n          <p><strong>Empresa:<\/strong> COHAB<\/p>\n          <p><strong>Local:<\/strong> S\u00e3o Paulo - SP<\/p>\n          <p><strong>N\u00edvel Escolar:<\/strong> SU<\/p>\n          <p><strong>Tipo de Vaga:<\/strong> ESTAGIO<\/p>\n\n                      <p><strong>Bolsa Aux\u00edlio:<\/strong> R$ 2.100,00<\/p>\n          \n          <p class=\"details\"><strong>Descri\u00e7\u00e3o:<\/strong> Incorpora\u00e7\u00e3o de empreendimentos imobili\u00e1rios<\/p>\n\n                      <div class=\"activities\">\n              <p><strong>Atividades:<\/strong><\/p>\n              <ul>\n                                  <li>Acessar arquivos diversos<\/li>\n                                  <li>Acessar arquivos diversos e auxiliar na execu\u00e7\u00e3o de rotinas da \u00e1rea<\/li>\n                                  <li>Acessar agendamento de visitas<\/li>\n                              <\/ul>\n            <\/div>\n          \n                                <a href=\"https:\/\/ciee.app\/login?codigoVagaPortal=6031757&amp;acesso=FIG-UNIMESP\" class=\"apply-button\">Ver Detalhes e Candidatar<\/a>\n                  <\/div>\n              <div class=\"job-listing\">\n          <h3>Administrativa<\/h3>\n          <p><strong>Empresa:<\/strong> 100% SERVICOS AUTOMOTIVOS<\/p>\n          <p><strong>Local:<\/strong> Bras\u00edlia - DF<\/p>\n          <p><strong>N\u00edvel Escolar:<\/strong> SU<\/p>\n          <p><strong>Tipo de Vaga:<\/strong> ESTAGIO<\/p>\n\n                      <p><strong>Bolsa Aux\u00edlio:<\/strong> R$ 1.200,00<\/p>\n          \n          <p class=\"details\"><strong>Descri\u00e7\u00e3o:<\/strong> Servi\u00e7os de manuten\u00e7\u00e3o e repara\u00e7\u00e3o mec\u00e2nica de ve\u00edculos automotores<\/p>\n\n                      <div class=\"activities\">\n              <p><strong>Atividades:<\/strong><\/p>\n              <ul>\n                                  <li>Auxiliar na rotina administrativa<\/li>\n                                  <li>Auxiliar no atendimento ao cliente<\/li>\n                                  <li>Auxiliar no atendimento telef\u00f4nico<\/li>\n                                  <li>Conferir e arquivar documentos<\/li>\n                              <\/ul>\n            <\/div>\n          \n                                <a href=\"https:\/\/ciee.app\/login?codigoVagaPortal=6031748&amp;acesso=FIG-UNIMESP\" class=\"apply-button\">Ver Detalhes e Candidatar<\/a>\n                  <\/div>\n              <div class=\"job-listing\">\n          <h3>Administrativa<\/h3>\n          <p><strong>Empresa:<\/strong> ABRASEL-AM<\/p>\n          <p><strong>Local:<\/strong> MANAUS - AM<\/p>\n          <p><strong>N\u00edvel Escolar:<\/strong> SU<\/p>\n          <p><strong>Tipo de Vaga:<\/strong> ESTAGIO<\/p>\n\n                      <p><strong>Bolsa Aux\u00edlio:<\/strong> R$ 1.000,00<\/p>\n          \n          <p class=\"details\"><strong>Descri\u00e7\u00e3o:<\/strong> Atividades de associa\u00e7\u00f5es de defesa de direitos sociais<\/p>\n\n                      <div class=\"activities\">\n              <p><strong>Atividades:<\/strong><\/p>\n              <ul>\n                                  <li>Acessar sistemas internos<\/li>\n                                  <li>Assessorar a equipe de vendas<\/li>\n                                  <li>Conduzir o atendimento ao cliente<\/li>\n                                  <li>Auxiliar no departamento de p\u00f3s venda<\/li>\n                              <\/ul>\n            <\/div>\n          \n                                <a href=\"https:\/\/ciee.app\/login?codigoVagaPortal=6031743&amp;acesso=FIG-UNIMESP\" class=\"apply-button\">Ver Detalhes e Candidatar<\/a>\n                  <\/div>\n      \n      <div class=\"pagination\">\n        <a href=\"https:\/\/fig.br\/portal\/ciee\/?ciee_page=0\" class=\"page-link current-page\">1<\/a><a href=\"https:\/\/fig.br\/portal\/ciee\/?ciee_page=1\" class=\"page-link \">2<\/a><a href=\"https:\/\/fig.br\/portal\/ciee\/?ciee_page=2\" class=\"page-link \">3<\/a><span class=\"page-dots\">...<\/span><a href=\"https:\/\/fig.br\/portal\/ciee\/?ciee_page=177\" class=\"page-link\">178<\/a><a href=\"https:\/\/fig.br\/portal\/ciee\/?ciee_page=1\" class=\"page-link\">Pr\u00f3xima &raquo;<\/a>      <\/div>\n\n      <\/div>\n\n\n\n\n<p><\/p>\n","protected":false},"excerpt":{"rendered":"","protected":false},"author":1,"featured_media":0,"parent":0,"menu_order":0,"comment_status":"closed","ping_status":"closed","template":"","meta":{"_monsterinsights_skip_tracking":false,"_monsterinsights_sitenote_active":false,"_monsterinsights_sitenote_note":"","_monsterinsights_sitenote_category":0,"_uf_show_specific_survey":0,"_uf_disable_surveys":false,"footnotes":""},"class_list":["post-148","page","type-page","status-publish","hentry"],"aioseo_notices":[],"_links":{"self":[{"href":"https:\/\/fig.br\/portal\/wp-json\/wp\/v2\/pages\/148","targetHints":{"allow":["GET"]}}],"collection":[{"href":"https:\/\/fig.br\/portal\/wp-json\/wp\/v2\/pages"}],"about":[{"href":"https:\/\/fig.br\/portal\/wp-json\/wp\/v2\/types\/page"}],"author":[{"embeddable":true,"href":"https:\/\/fig.br\/portal\/wp-json\/wp\/v2\/users\/1"}],"replies":[{"embeddable":true,"href":"https:\/\/fig.br\/portal\/wp-json\/wp\/v2\/comments?post=148"}],"version-history":[{"count":2,"href":"https:\/\/fig.br\/portal\/wp-json\/wp\/v2\/pages\/148\/revisions"}],"predecessor-version":[{"id":150,"href":"https:\/\/fig.br\/portal\/wp-json\/wp\/v2\/pages\/148\/revisions\/150"}],"wp:attachment":[{"href":"https:\/\/fig.br\/portal\/wp-json\/wp\/v2\/media?parent=148"}],"curies":[{"name":"wp","href":"https:\/\/api.w.org\/{rel}","templated":true}]}}